{"id":6033,"date":"2014-02-25T17:31:53","date_gmt":"2014-02-25T17:31:53","guid":{"rendered":"https:\/\/mosaicprod.com\/nosaltres\/"},"modified":"2025-12-22T10:06:29","modified_gmt":"2025-12-22T10:06:29","slug":"nosaltres","status":"publish","type":"page","link":"https:\/\/mosaicprod.com\/ca\/nosaltres\/","title":{"rendered":"Nosaltres"},"content":{"rendered":"\t\t<div data-elementor-type=\"wp-post\" data-elementor-id=\"6033\" class=\"elementor elementor-6033 elementor-12\" data-elementor-post-type=\"page\">\n\t\t\t\t\t\t<section class=\"elementor-section elementor-top-section elementor-element elementor-element-2e1185cf elementor-section-full_width elementor-section-height-min-height elementor-section-height-default elementor-section-items-middle\" data-id=\"2e1185cf\" data-element_type=\"section\" id=\"ciudad_de_los_muertos\" data-settings=\"{&quot;background_background&quot;:&quot;classic&quot;}\">\n\t\t\t\t\t\t<div class=\"elementor-container elementor-column-gap-no\">\n\t\t\t\t\t<div class=\"elementor-column elementor-col-100 elementor-top-column elementor-element elementor-element-5a032aca myVideoColumn\" data-id=\"5a032aca\" data-element_type=\"column\">\n\t\t\t<div class=\"elementor-widget-wrap elementor-element-populated\">\n\t\t\t\t\t\t<div class=\"elementor-element elementor-element-45de86d2 movilViewContain_ elementor-widget elementor-widget-html5-video\" data-id=\"45de86d2\" data-element_type=\"widget\" data-settings=\"{&quot;video_stop_others&quot;:&quot;yes&quot;,&quot;video_speed&quot;:{&quot;unit&quot;:&quot;px&quot;,&quot;size&quot;:1,&quot;sizes&quot;:[]},&quot;video_speed_tablet&quot;:{&quot;unit&quot;:&quot;px&quot;,&quot;size&quot;:&quot;&quot;,&quot;sizes&quot;:[]},&quot;video_speed_mobile&quot;:{&quot;unit&quot;:&quot;px&quot;,&quot;size&quot;:&quot;&quot;,&quot;sizes&quot;:[]}}\" data-widget_type=\"html5-video.default\">\n\t\t\t\t<div class=\"elementor-widget-container\">\n\t\t\t\t\t<div class=\"ee-video-player ee-player\">\n\t\t\t<video class=\"ee-video-player__source ee-player__source\" playsinline=\"true\" width=\"100%\" height=\"100%\" autoplay=\"true\" muted=\"true\" loop=\"true\"><source src=\"https:\/\/mosaicprod.com\/wp-content\/uploads\/2019\/05\/about.mp4\" type=\"video\/mp4\">\n\t\t\t\n\t\t\t\n\t\t\t\n\t\t<\/video>\t\t\t<div class=\"ee-video-player__cover ee-player__cover\"><\/div>\t\t\t\t\t<div class=\"ee-video-player__controls ee-player__controls\">\t\t<\/div><!-- .ee-video-player__controls -->\n\t\t\t\t<\/div><!-- .ee-video-player -->\n\t\t\t\t\t\t<\/div>\n\t\t\t\t<\/div>\n\t\t\t\t<div class=\"elementor-element elementor-element-3cb8bb2 flechaHome elementor-absolute elementor-widget elementor-widget-heading\" data-id=\"3cb8bb2\" data-element_type=\"widget\" data-settings=\"{&quot;_position&quot;:&quot;absolute&quot;}\" data-widget_type=\"heading.default\">\n\t\t\t\t\t<h2 class=\"elementor-heading-title elementor-size-default\"><a href=\"#sinopsis\"><br \/>\n<\/a><\/h2>\t\t\t\t<\/div>\n\t\t\t\t<section class=\"elementor-section elementor-inner-section elementor-element elementor-element-4bb53aa8 videoTextZone movilViewContainText_ elementor-section-content-middle elementor-section-full_width elementor-section-height-min-height elementor-section-height-default\" data-id=\"4bb53aa8\" data-element_type=\"section\">\n\t\t\t\t\t\t<div class=\"elementor-container elementor-column-gap-default\">\n\t\t\t\t\t<div class=\"elementor-column elementor-col-100 elementor-inner-column elementor-element elementor-element-40bffdae videoTextZoneColumn_\" data-id=\"40bffdae\" data-element_type=\"column\">\n\t\t\t<div class=\"elementor-widget-wrap elementor-element-populated\">\n\t\t\t\t\t\t<div class=\"elementor-element elementor-element-222036f h elementor-widget elementor-widget-heading\" data-id=\"222036f\" data-element_type=\"widget\" data-widget_type=\"heading.default\">\n\t\t\t\t\t<h2 class=\"elementor-heading-title elementor-size-default\">18 anys\nfilmant lo real. <\/h2>\t\t\t\t<\/div>\n\t\t\t\t\t<\/div>\n\t\t<\/div>\n\t\t\t\t\t<\/div>\n\t\t<\/section>\n\t\t\t\t\t<\/div>\n\t\t<\/div>\n\t\t\t\t\t<\/div>\n\t\t<\/section>\n\t\t\t\t<section class=\"elementor-section elementor-top-section elementor-element elementor-element-73196a82 elementor-section-boxed elementor-section-height-default elementor-section-height-default\" data-id=\"73196a82\" data-element_type=\"section\" id=\"sinopsis\">\n\t\t\t\t\t\t<div class=\"elementor-container elementor-column-gap-default\">\n\t\t\t\t\t<div class=\"elementor-column elementor-col-100 elementor-top-column elementor-element elementor-element-4ec4eae2\" data-id=\"4ec4eae2\" data-element_type=\"column\">\n\t\t\t<div class=\"elementor-widget-wrap elementor-element-populated\">\n\t\t\t\t\t\t<div class=\"elementor-element elementor-element-7e49b87f projectText linkUnderlne elementor-widget elementor-widget-text-editor\" data-id=\"7e49b87f\" data-element_type=\"widget\" data-widget_type=\"text-editor.default\">\n\t\t\t\t\t\t\t\t\t<p>Som una productora independent amb seu a Mallorca creada el 2007 i especialitzada en la producci\u00f3 de documentals de creaci\u00f3. Produ\u00efm pel\u00b7l\u00edcules d&#8217;autor per a un p\u00fablic global des d&#8217;una mirada human\u00edstica i art\u00edstica; mediterr\u00e0nia i europea. Ens interessen les hist\u00f2ries arriscades que exploren els conflictes d&#8217;identitat, les relacions humanes i existencials, els personatges al marge de la societat, els ut\u00f2pics i els herois an\u00f2nims.<\/p><p>Les nostres produccions han estat seleccionades en m\u00e9s d&#8217;una trentena de festivals internacionals, incloent IDFA, M\u00e0laga, Seminci, Docaviv, Doc Edge, Full Frame, MakeDox, DOXA o Fipadoc.<\/p><p>Som part de DAE, EURODOC, DOCMA, PROA i APAIB.<\/p><p>Des de 2019 organitzem <a href=\"https:\/\/majordocs.org\/es\" target=\"_blank\" rel=\"noopener\">MajorDocs<\/a>, el primer festival internacional de cinema documental a Mallorca.<\/p>\t\t\t\t\t\t\t\t<\/div>\n\t\t\t\t\t<\/div>\n\t\t<\/div>\n\t\t\t\t\t<\/div>\n\t\t<\/section>\n\t\t\t\t<section class=\"elementor-section elementor-top-section elementor-element elementor-element-4cdd893 elementor-hidden-phone elementor-section-boxed elementor-section-height-default elementor-section-height-default\" data-id=\"4cdd893\" data-element_type=\"section\">\n\t\t\t\t\t\t<div class=\"elementor-container elementor-column-gap-default\">\n\t\t\t\t\t<div class=\"elementor-column elementor-col-100 elementor-top-column elementor-element elementor-element-d3d5277\" data-id=\"d3d5277\" data-element_type=\"column\">\n\t\t\t<div class=\"elementor-widget-wrap elementor-element-populated\">\n\t\t\t\t\t\t<div class=\"elementor-element elementor-element-4135e1e elementor-widget elementor-widget-image\" data-id=\"4135e1e\" data-element_type=\"widget\" data-widget_type=\"image.default\">\n\t\t\t\t\t\t\t\t\t\t\t\t\t\t\t<img fetchpriority=\"high\" decoding=\"async\" width=\"4810\" height=\"3326\" src=\"https:\/\/mosaicprod.com\/wp-content\/uploads\/2021\/04\/LOGOS_DESKTOP_VERSION_ABRIL_2021.png\" class=\"attachment-full size-full wp-image-5929\" alt=\"\" srcset=\"https:\/\/mosaicprod.com\/wp-content\/uploads\/2021\/04\/LOGOS_DESKTOP_VERSION_ABRIL_2021.png 4810w, https:\/\/mosaicprod.com\/wp-content\/uploads\/2021\/04\/LOGOS_DESKTOP_VERSION_ABRIL_2021-300x207.png 300w, https:\/\/mosaicprod.com\/wp-content\/uploads\/2021\/04\/LOGOS_DESKTOP_VERSION_ABRIL_2021-1024x708.png 1024w, https:\/\/mosaicprod.com\/wp-content\/uploads\/2021\/04\/LOGOS_DESKTOP_VERSION_ABRIL_2021-768x531.png 768w, https:\/\/mosaicprod.com\/wp-content\/uploads\/2021\/04\/LOGOS_DESKTOP_VERSION_ABRIL_2021-1536x1062.png 1536w, https:\/\/mosaicprod.com\/wp-content\/uploads\/2021\/04\/LOGOS_DESKTOP_VERSION_ABRIL_2021-2048x1416.png 2048w\" sizes=\"(max-width: 4810px) 100vw, 4810px\" \/>\t\t\t\t\t\t\t\t\t\t\t\t\t\t\t<\/div>\n\t\t\t\t\t<\/div>\n\t\t<\/div>\n\t\t\t\t\t<\/div>\n\t\t<\/section>\n\t\t\t\t<section class=\"elementor-section elementor-top-section elementor-element elementor-element-f9d01b5 elementor-hidden-desktop elementor-hidden-tablet elementor-section-boxed elementor-section-height-default elementor-section-height-default\" data-id=\"f9d01b5\" data-element_type=\"section\">\n\t\t\t\t\t\t<div class=\"elementor-container elementor-column-gap-default\">\n\t\t\t\t\t<div class=\"elementor-column elementor-col-100 elementor-top-column elementor-element elementor-element-cbc35f5\" data-id=\"cbc35f5\" data-element_type=\"column\">\n\t\t\t<div class=\"elementor-widget-wrap elementor-element-populated\">\n\t\t\t\t\t\t<div class=\"elementor-element elementor-element-6b8edab elementor-widget elementor-widget-image\" data-id=\"6b8edab\" data-element_type=\"widget\" data-widget_type=\"image.default\">\n\t\t\t\t\t\t\t\t\t\t\t\t\t\t\t<img decoding=\"async\" width=\"410\" height=\"1024\" src=\"https:\/\/mosaicprod.com\/wp-content\/uploads\/2021\/05\/LOGOS_MOVIL_VERSIO\u0301N_ABRIL_2021-410x1024.png\" class=\"attachment-large size-large wp-image-5943\" alt=\"\" srcset=\"https:\/\/mosaicprod.com\/wp-content\/uploads\/2021\/05\/LOGOS_MOVIL_VERSIO\u0301N_ABRIL_2021-410x1024.png 410w, https:\/\/mosaicprod.com\/wp-content\/uploads\/2021\/05\/LOGOS_MOVIL_VERSIO\u0301N_ABRIL_2021-120x300.png 120w, https:\/\/mosaicprod.com\/wp-content\/uploads\/2021\/05\/LOGOS_MOVIL_VERSIO\u0301N_ABRIL_2021-768x1918.png 768w, https:\/\/mosaicprod.com\/wp-content\/uploads\/2021\/05\/LOGOS_MOVIL_VERSIO\u0301N_ABRIL_2021-615x1536.png 615w, https:\/\/mosaicprod.com\/wp-content\/uploads\/2021\/05\/LOGOS_MOVIL_VERSIO\u0301N_ABRIL_2021-820x2048.png 820w, https:\/\/mosaicprod.com\/wp-content\/uploads\/2021\/05\/LOGOS_MOVIL_VERSIO\u0301N_ABRIL_2021.png 2004w\" sizes=\"(max-width: 410px) 100vw, 410px\" \/>\t\t\t\t\t\t\t\t\t\t\t\t\t\t\t<\/div>\n\t\t\t\t\t<\/div>\n\t\t<\/div>\n\t\t\t\t\t<\/div>\n\t\t<\/section>\n\t\t\t\t<section class=\"elementor-section elementor-top-section elementor-element elementor-element-9edfdea elementor-section-height-min-height elementor-section-items-bottom elementor-section-boxed elementor-section-height-default\" data-id=\"9edfdea\" data-element_type=\"section\" data-settings=\"{&quot;background_background&quot;:&quot;classic&quot;}\">\n\t\t\t\t\t\t\t<div class=\"elementor-background-overlay\"><\/div>\n\t\t\t\t\t\t\t<div class=\"elementor-container elementor-column-gap-no\">\n\t\t\t\t\t<div class=\"elementor-column elementor-col-100 elementor-top-column elementor-element elementor-element-715340a\" data-id=\"715340a\" data-element_type=\"column\">\n\t\t\t<div class=\"elementor-widget-wrap elementor-element-populated\">\n\t\t\t\t\t\t<div class=\"elementor-element elementor-element-9382167 elementor-hidden-desktop elementor-hidden-tablet elementor-widget elementor-widget-image\" data-id=\"9382167\" data-element_type=\"widget\" data-widget_type=\"image.default\">\n\t\t\t\t\t\t\t\t\t\t\t\t\t\t\t<img decoding=\"async\" src=\"https:\/\/mosaicprod.com\/wp-content\/uploads\/elementor\/thumbs\/MiguelEek\u200b-qsz9bneo4nkj2yrqc8bv59g5bmden65v6fw2q9fau8.jpg\" title=\"Miguel Eek\u200b\" alt=\"Director Ciutat dels morts\" loading=\"lazy\" \/>\t\t\t\t\t\t\t\t\t\t\t\t\t\t\t<\/div>\n\t\t\t\t<div class=\"elementor-element elementor-element-138c3bb bio elementor-widget elementor-widget-heading\" data-id=\"138c3bb\" data-element_type=\"widget\" data-widget_type=\"heading.default\">\n\t\t\t\t\t<h2 class=\"elementor-heading-title elementor-size-default\">Miguel Eek<\/h2>\t\t\t\t<\/div>\n\t\t\t\t<div class=\"elementor-element elementor-element-c66716d bio elementor-widget elementor-widget-heading\" data-id=\"c66716d\" data-element_type=\"widget\" data-widget_type=\"heading.default\">\n\t\t\t\t\t<h5 class=\"elementor-heading-title elementor-size-default\">Productor i director\n<\/h5>\t\t\t\t<\/div>\n\t\t\t\t<div class=\"elementor-element elementor-element-235e567 projectTextCreditos bio elementor-widget elementor-widget-text-editor\" data-id=\"235e567\" data-element_type=\"widget\" data-widget_type=\"text-editor.default\">\n\t\t\t\t\t\t\t\t\t(Madrid, 1982) Naix de la trobada d&#8217;una granadina amb un catal\u00e0-suec. Em crec entre Madrid, Mallorca, Estocolm i Barcelona on em graduo en Direcci\u00f3 de documentals a l&#8217;ESCAC. Viu en la contradicci\u00f3 de ser productor i director i encara no he trobat una soluci\u00f3 satisfact\u00f2ria. Malgrat tot soc un privilegiat perqu\u00e8 em dedico a un dels millors treballs que conec.\n\n<a class=\"emailLink\" href=\"mailto:miguel@mosaicprod.com\" target=\"_blank\" rel=\"noopener\">miguel@mosaicprod.com<\/a>\t\t\t\t\t\t\t\t<\/div>\n\t\t\t\t\t<\/div>\n\t\t<\/div>\n\t\t\t\t\t<\/div>\n\t\t<\/section>\n\t\t\t\t<\/div>\n\t\t","protected":false},"excerpt":{"rendered":"<p>18 anys filmant lo real. Som una productora independent amb seu a Mallorca creada el 2007 i especialitzada en la producci\u00f3 de documentals de creaci\u00f3. Produ\u00efm pel\u00b7l\u00edcules d&#8217;autor per a un p\u00fablic global des d&#8217;una mirada human\u00edstica i art\u00edstica; mediterr\u00e0nia i europea. Ens interessen les hist\u00f2ries arriscades que exploren els conflictes d&#8217;identitat, les relacions humanes &#8230; <a title=\"Nosaltres\" class=\"read-more\" href=\"https:\/\/mosaicprod.com\/ca\/nosaltres\/\" aria-label=\"M\u00e9s informaci\u00f3 sobre Nosaltres\">Llegiu m\u00e9s<\/a><\/p>\n","protected":false},"author":5,"featured_media":5360,"parent":0,"menu_order":18,"comment_status":"closed","ping_status":"closed","template":"elementor_header_footer","meta":{"_monsterinsights_skip_tracking":false,"_monsterinsights_sitenote_active":false,"_monsterinsights_sitenote_note":"","_monsterinsights_sitenote_category":0,"footnotes":""},"class_list":["post-6033","page","type-page","status-publish","has-post-thumbnail"],"_links":{"self":[{"href":"https:\/\/mosaicprod.com\/ca\/wp-json\/wp\/v2\/pages\/6033","targetHints":{"allow":["GET"]}}],"collection":[{"href":"https:\/\/mosaicprod.com\/ca\/wp-json\/wp\/v2\/pages"}],"about":[{"href":"https:\/\/mosaicprod.com\/ca\/wp-json\/wp\/v2\/types\/page"}],"author":[{"embeddable":true,"href":"https:\/\/mosaicprod.com\/ca\/wp-json\/wp\/v2\/users\/5"}],"replies":[{"embeddable":true,"href":"https:\/\/mosaicprod.com\/ca\/wp-json\/wp\/v2\/comments?post=6033"}],"version-history":[{"count":2,"href":"https:\/\/mosaicprod.com\/ca\/wp-json\/wp\/v2\/pages\/6033\/revisions"}],"predecessor-version":[{"id":6314,"href":"https:\/\/mosaicprod.com\/ca\/wp-json\/wp\/v2\/pages\/6033\/revisions\/6314"}],"wp:featuredmedia":[{"embeddable":true,"href":"https:\/\/mosaicprod.com\/ca\/wp-json\/wp\/v2\/media\/5360"}],"wp:attachment":[{"href":"https:\/\/mosaicprod.com\/ca\/wp-json\/wp\/v2\/media?parent=6033"}],"curies":[{"name":"wp","href":"https:\/\/api.w.org\/{rel}","templated":true}]}}