{"id":6030,"date":"2020-03-25T12:55:20","date_gmt":"2020-03-25T12:55:20","guid":{"rendered":"https:\/\/mosaicprod.com\/majordocs\/"},"modified":"2025-08-20T04:04:51","modified_gmt":"2025-08-20T04:04:51","slug":"majordocs","status":"publish","type":"page","link":"https:\/\/mosaicprod.com\/ca\/majordocs\/","title":{"rendered":"MajorDocs"},"content":{"rendered":"\t\t<div data-elementor-type=\"wp-post\" data-elementor-id=\"6030\" class=\"elementor elementor-6030 elementor-3689\" data-elementor-post-type=\"page\">\n\t\t\t\t\t\t<section class=\"elementor-section elementor-top-section elementor-element elementor-element-2e1185cf elementor-section-full_width elementor-section-height-min-height elementor-section-items-top elementor-section-height-default\" data-id=\"2e1185cf\" data-element_type=\"section\" data-settings=\"{&quot;background_background&quot;:&quot;classic&quot;}\">\n\t\t\t\t\t\t<div class=\"elementor-container elementor-column-gap-no\">\n\t\t\t\t\t<div class=\"elementor-column elementor-col-100 elementor-top-column elementor-element elementor-element-5a032aca myVideoColumn\" data-id=\"5a032aca\" data-element_type=\"column\">\n\t\t\t<div class=\"elementor-widget-wrap elementor-element-populated\">\n\t\t\t\t\t\t<div class=\"elementor-element elementor-element-45de86d2 movilViewContain elementor-widget elementor-widget-html5-video\" data-id=\"45de86d2\" data-element_type=\"widget\" data-settings=\"{&quot;video_stop_others&quot;:&quot;yes&quot;,&quot;video_speed&quot;:{&quot;unit&quot;:&quot;px&quot;,&quot;size&quot;:1,&quot;sizes&quot;:[]},&quot;video_speed_tablet&quot;:{&quot;unit&quot;:&quot;px&quot;,&quot;size&quot;:&quot;&quot;,&quot;sizes&quot;:[]},&quot;video_speed_mobile&quot;:{&quot;unit&quot;:&quot;px&quot;,&quot;size&quot;:&quot;&quot;,&quot;sizes&quot;:[]}}\" data-widget_type=\"html5-video.default\">\n\t\t\t\t<div class=\"elementor-widget-container\">\n\t\t\t\t\t<div class=\"ee-video-player ee-player\">\n\t\t\t<video class=\"ee-video-player__source ee-player__source\" playsinline=\"true\" width=\"100%\" height=\"100%\" autoplay=\"true\" muted=\"true\" loop=\"true\"><source src=\"https:\/\/mosaicprod.com\/wp-content\/uploads\/2020\/04\/Majordocs-FINAL-WEB-MOSAIC.mp4\" type=\"video\/mp4\">\n\t\t\t\n\t\t\t\n\t\t\t\n\t\t<\/video>\t\t\t<div class=\"ee-video-player__cover ee-player__cover\"><\/div>\t\t\t\t\t<div class=\"ee-video-player__controls ee-player__controls\">\t\t<\/div><!-- .ee-video-player__controls -->\n\t\t\t\t<\/div><!-- .ee-video-player -->\n\t\t\t\t\t\t<\/div>\n\t\t\t\t<\/div>\n\t\t\t\t<div class=\"elementor-element elementor-element-0c03fd0 elementor-absolute elementor-widget elementor-widget-image\" data-id=\"0c03fd0\" data-element_type=\"widget\" data-settings=\"{&quot;_position&quot;:&quot;absolute&quot;}\" data-widget_type=\"image.default\">\n\t\t\t\t\t\t\t\t\t\t\t\t\t\t\t\t<a href=\"#sinopsis\">\n\t\t\t\t\t\t\t<img decoding=\"async\" width=\"25\" height=\"38\" src=\"https:\/\/mosaicprod.com\/wp-content\/uploads\/2019\/05\/flrchaAbajo.png\" class=\"attachment-large size-large wp-image-5663\" alt=\"\" \/>\t\t\t\t\t\t\t\t<\/a>\n\t\t\t\t\t\t\t\t\t\t\t\t\t\t\t<\/div>\n\t\t\t\t<section class=\"elementor-section elementor-inner-section elementor-element elementor-element-4bb53aa8 videoTextZone movilViewContainText_ elementor-section-content-top elementor-section-boxed elementor-section-height-default elementor-section-height-default\" data-id=\"4bb53aa8\" data-element_type=\"section\">\n\t\t\t\t\t\t<div class=\"elementor-container elementor-column-gap-default\">\n\t\t\t\t\t<div class=\"elementor-column elementor-col-100 elementor-inner-column elementor-element elementor-element-40bffdae videoTextZoneColumn_\" data-id=\"40bffdae\" data-element_type=\"column\">\n\t\t\t<div class=\"elementor-widget-wrap elementor-element-populated\">\n\t\t\t\t\t\t<div class=\"elementor-element elementor-element-222036f h elementor-widget elementor-widget-heading\" data-id=\"222036f\" data-element_type=\"widget\" data-widget_type=\"heading.default\">\n\t\t\t\t\t<h2 class=\"elementor-heading-title elementor-size-default\">Ass\u00f2mat al\ncinema del real<\/h2>\t\t\t\t<\/div>\n\t\t\t\t\t<\/div>\n\t\t<\/div>\n\t\t\t\t\t<\/div>\n\t\t<\/section>\n\t\t\t\t\t<\/div>\n\t\t<\/div>\n\t\t\t\t\t<\/div>\n\t\t<\/section>\n\t\t\t\t<section class=\"elementor-section elementor-top-section elementor-element elementor-element-73196a82 elementor-section-boxed elementor-section-height-default elementor-section-height-default\" data-id=\"73196a82\" data-element_type=\"section\" id=\"sinopsis\">\n\t\t\t\t\t\t<div class=\"elementor-container elementor-column-gap-default\">\n\t\t\t\t\t<div class=\"elementor-column elementor-col-100 elementor-top-column elementor-element elementor-element-4ec4eae2\" data-id=\"4ec4eae2\" data-element_type=\"column\">\n\t\t\t<div class=\"elementor-widget-wrap elementor-element-populated\">\n\t\t\t\t\t\t<div class=\"elementor-element elementor-element-7e49b87f projectText linkUnderlne elementor-widget elementor-widget-text-editor\" data-id=\"7e49b87f\" data-element_type=\"widget\" data-widget_type=\"text-editor.default\">\n\t\t\t\t\t\t\t\t\t<p>La meitat dels llargmetratges produ\u00efts a Espanya s\u00f3n documentals i, no obstant, la immensa majoria s\u00f3n pel\u00b7l\u00edcules desconegudes, quan no marginals per al p\u00fablic.<\/p><p>Creiem que en un moment saturat d&#8217;imatges buides, el nostre comprom\u00eds com a productora ha de transcendir la mera creaci\u00f3 de pel\u00b7l\u00edcules. Facilitar la trobada entre el p\u00fablic (i en especial, els joves) i les pel\u00b7l\u00edcules del real \u00e9s una responsabilitat que tamb\u00e9 ens pertoca. D&#8217;aquest convenciment, i de la vital necessitat de di\u00e0leg que aquest cinema t\u00e9 amb el seu p\u00fablic sorgeix MajorDocs.<\/p><p>De la m\u00e0 dels seus autors, us proposem una selecci\u00f3 estimulant de pel\u00b7l\u00edcules que surt a la nostra trobada a la gran pantalla. MajorDocs \u00e9s un festival de documental de creaci\u00f3 que transcorre a Mallorca per a tots els que creieu en el cinema i en la realitat.<\/p><p><a href=\"https:\/\/majordocs.org\/es\/\" target=\"_blank\" rel=\"noopener\">As\u00f2mate a MajorDocs<\/a><\/p>\t\t\t\t\t\t\t\t<\/div>\n\t\t\t\t\t<\/div>\n\t\t<\/div>\n\t\t\t\t\t<\/div>\n\t\t<\/section>\n\t\t\t\t<section class=\"elementor-section elementor-top-section elementor-element elementor-element-231c29c elementor-section-boxed elementor-section-height-default elementor-section-height-default\" data-id=\"231c29c\" data-element_type=\"section\">\n\t\t\t\t\t\t<div class=\"elementor-container elementor-column-gap-default\">\n\t\t\t\t\t<div class=\"elementor-column elementor-col-100 elementor-top-column elementor-element elementor-element-b9fc1a4\" data-id=\"b9fc1a4\" data-element_type=\"column\">\n\t\t\t<div class=\"elementor-widget-wrap elementor-element-populated\">\n\t\t\t\t\t\t<div class=\"elementor-element elementor-element-e5962af elementor-widget elementor-widget-image\" data-id=\"e5962af\" data-element_type=\"widget\" data-widget_type=\"image.default\">\n\t\t\t\t\t\t\t\t\t\t\t\t\t\t\t\t<a href=\"https:\/\/majordocs.org\/es\/\" target=\"_blank\" rel=\"noopener\">\n\t\t\t\t\t\t\t<img fetchpriority=\"high\" decoding=\"async\" width=\"886\" height=\"620\" src=\"https:\/\/mosaicprod.com\/wp-content\/uploads\/2020\/03\/Cartel_web_Mosaic.png\" class=\"attachment-large size-large wp-image-5869\" alt=\"\" srcset=\"https:\/\/mosaicprod.com\/wp-content\/uploads\/2020\/03\/Cartel_web_Mosaic.png 886w, https:\/\/mosaicprod.com\/wp-content\/uploads\/2020\/03\/Cartel_web_Mosaic-300x210.png 300w, https:\/\/mosaicprod.com\/wp-content\/uploads\/2020\/03\/Cartel_web_Mosaic-768x537.png 768w\" sizes=\"(max-width: 886px) 100vw, 886px\" \/>\t\t\t\t\t\t\t\t<\/a>\n\t\t\t\t\t\t\t\t\t\t\t\t\t\t\t<\/div>\n\t\t\t\t\t<\/div>\n\t\t<\/div>\n\t\t\t\t\t<\/div>\n\t\t<\/section>\n\t\t\t\t<\/div>\n\t\t","protected":false},"excerpt":{"rendered":"<p>Ass\u00f2mat al cinema del real La meitat dels llargmetratges produ\u00efts a Espanya s\u00f3n documentals i, no obstant, la immensa majoria s\u00f3n pel\u00b7l\u00edcules desconegudes, quan no marginals per al p\u00fablic. Creiem que en un moment saturat d&#8217;imatges buides, el nostre comprom\u00eds com a productora ha de transcendir la mera creaci\u00f3 de pel\u00b7l\u00edcules. Facilitar la trobada entre &#8230; <a title=\"MajorDocs\" class=\"read-more\" href=\"https:\/\/mosaicprod.com\/ca\/majordocs\/\" aria-label=\"M\u00e9s informaci\u00f3 sobre MajorDocs\">Llegiu m\u00e9s<\/a><\/p>\n","protected":false},"author":4,"featured_media":5360,"parent":0,"menu_order":16,"comment_status":"closed","ping_status":"closed","template":"elementor_header_footer","meta":{"_monsterinsights_skip_tracking":false,"_monsterinsights_sitenote_active":false,"_monsterinsights_sitenote_note":"","_monsterinsights_sitenote_category":0,"footnotes":""},"class_list":["post-6030","page","type-page","status-publish","has-post-thumbnail"],"_links":{"self":[{"href":"https:\/\/mosaicprod.com\/ca\/wp-json\/wp\/v2\/pages\/6030","targetHints":{"allow":["GET"]}}],"collection":[{"href":"https:\/\/mosaicprod.com\/ca\/wp-json\/wp\/v2\/pages"}],"about":[{"href":"https:\/\/mosaicprod.com\/ca\/wp-json\/wp\/v2\/types\/page"}],"author":[{"embeddable":true,"href":"https:\/\/mosaicprod.com\/ca\/wp-json\/wp\/v2\/users\/4"}],"replies":[{"embeddable":true,"href":"https:\/\/mosaicprod.com\/ca\/wp-json\/wp\/v2\/comments?post=6030"}],"version-history":[{"count":5,"href":"https:\/\/mosaicprod.com\/ca\/wp-json\/wp\/v2\/pages\/6030\/revisions"}],"predecessor-version":[{"id":6063,"href":"https:\/\/mosaicprod.com\/ca\/wp-json\/wp\/v2\/pages\/6030\/revisions\/6063"}],"wp:featuredmedia":[{"embeddable":true,"href":"https:\/\/mosaicprod.com\/ca\/wp-json\/wp\/v2\/media\/5360"}],"wp:attachment":[{"href":"https:\/\/mosaicprod.com\/ca\/wp-json\/wp\/v2\/media?parent=6030"}],"curies":[{"name":"wp","href":"https:\/\/api.w.org\/{rel}","templated":true}]}}